{"id":458,"date":"2025-01-27T14:41:56","date_gmt":"2025-01-27T14:41:56","guid":{"rendered":"https:\/\/matskr.com\/?page_id=458"},"modified":"2025-02-15T19:04:49","modified_gmt":"2025-02-15T19:04:49","slug":"impressum","status":"publish","type":"page","link":"https:\/\/matskr.com\/?page_id=458","title":{"rendered":"Impressum"},"content":{"rendered":"\n<h3 class=\"wp-block-heading has-text-align-center\"><strong>Impressum<\/strong><\/h3>\n\n\n\n<p class=\"has-text-align-center\">Verantwortlich:<\/p>\n\n\n\n<p class=\"has-text-align-center\">Mateusz Skrzek<\/p>\n\n\n\n<p class=\"has-text-align-center\">Cegielniana 64<\/p>\n\n\n\n<p class=\"has-text-align-center\">43-300 Bielsko-Bia\u0142a, Polen<\/p>\n\n\n\n<h3 class=\"wp-block-heading has-text-align-center\"><strong>Kontakt<\/strong>:<\/h3>\n\n\n\n<p class=\"has-text-align-center\">Telefon: +48&nbsp;538&nbsp;404&nbsp;025<\/p>\n\n\n\n<p class=\"has-text-align-center\">E-Mail: <a href=\"mailto:matskr@matskr.com\">matskr@matskr.com<\/a><\/p>\n\n\n\n<p class=\"has-text-align-center\">Zugelassen in Polen als beeidigter Dolmetscher und \u00dcbersetzer f\u00fcr Deutsch und Polnisch, eingetragen in das vom polnischen Justizminister gef\u00fchrten Verzeichnis der beeidigten Dolmetscher und \u00dcbersetzer (<strong><a href=\"https:\/\/arch-bip.ms.gov.pl\/pl\/rejestry-i-ewidencje\/tlumacze-przysiegli\/lista-tlumaczy-przysieglych\/translator,12188.html\" data-type=\"link\" data-id=\"https:\/\/arch-bip.ms.gov.pl\/pl\/rejestry-i-ewidencje\/tlumacze-przysiegli\/lista-tlumaczy-przysieglych\/translator,12188.html\">Link<\/a><\/strong>)<\/p>\n\n\n\n<p><\/p>\n","protected":false},"excerpt":{"rendered":"<p>Impressum Verantwortlich: Mateusz Skrzek Cegielniana 64 43-300 Bielsko-Bia\u0142a, Polen Kontakt: Telefon: +48&nbsp;538&nbsp;404&nbsp;025 E-Mail: matskr@matskr.com Zugelassen in Polen als beeidigter Dolmetscher und \u00dcbersetzer f\u00fcr Deutsch und Polnisch, eingetragen in das vom polnischen Justizminister gef\u00fchrten Verzeichnis der beeidigten Dolmetscher und \u00dcbersetzer (Link)<\/p>\n","protected":false},"author":1,"featured_media":0,"parent":0,"menu_order":0,"comment_status":"closed","ping_status":"closed","template":"","meta":{"_uag_custom_page_level_css":"","footnotes":""},"class_list":["post-458","page","type-page","status-publish","hentry"],"uagb_featured_image_src":{"full":false,"thumbnail":false,"medium":false,"medium_large":false,"large":false,"1536x1536":false,"2048x2048":false,"trp-custom-language-flag":false},"uagb_author_info":{"display_name":"Mateusz","author_link":"https:\/\/matskr.com\/?author=1"},"uagb_comment_info":0,"uagb_excerpt":"Impressum Verantwortlich: Mateusz Skrzek Cegielniana 64 43-300 Bielsko-Bia\u0142a, Polen Kontakt: Telefon: +48&nbsp;538&nbsp;404&nbsp;025 E-Mail: matskr@matskr.com Zugelassen in Polen als beeidigter Dolmetscher und \u00dcbersetzer f\u00fcr Deutsch und Polnisch, eingetragen in das vom polnischen Justizminister gef\u00fchrten Verzeichnis der beeidigten Dolmetscher und \u00dcbersetzer (Link)","jetpack_sharing_enabled":true,"_links":{"self":[{"href":"https:\/\/matskr.com\/index.php?rest_route=\/wp\/v2\/pages\/458","targetHints":{"allow":["GET"]}}],"collection":[{"href":"https:\/\/matskr.com\/index.php?rest_route=\/wp\/v2\/pages"}],"about":[{"href":"https:\/\/matskr.com\/index.php?rest_route=\/wp\/v2\/types\/page"}],"author":[{"embeddable":true,"href":"https:\/\/matskr.com\/index.php?rest_route=\/wp\/v2\/users\/1"}],"replies":[{"embeddable":true,"href":"https:\/\/matskr.com\/index.php?rest_route=%2Fwp%2Fv2%2Fcomments&post=458"}],"version-history":[{"count":5,"href":"https:\/\/matskr.com\/index.php?rest_route=\/wp\/v2\/pages\/458\/revisions"}],"predecessor-version":[{"id":592,"href":"https:\/\/matskr.com\/index.php?rest_route=\/wp\/v2\/pages\/458\/revisions\/592"}],"wp:attachment":[{"href":"https:\/\/matskr.com\/index.php?rest_route=%2Fwp%2Fv2%2Fmedia&parent=458"}],"curies":[{"name":"wp","href":"https:\/\/api.w.org\/{rel}","templated":true}]}}